{"id":2946,"date":"2022-12-20T09:35:04","date_gmt":"2022-12-20T08:35:04","guid":{"rendered":"https:\/\/www.kai-europe.com\/?page_id=2946"},"modified":"2023-11-09T13:31:14","modified_gmt":"2023-11-09T12:31:14","slug":"impressum","status":"publish","type":"page","link":"https:\/\/kai-europe.com\/it\/impressum\/","title":{"rendered":"Impronta"},"content":{"rendered":"<div data-elementor-type=\"wp-page\" data-elementor-id=\"2946\" class=\"elementor elementor-2946\" data-elementor-post-type=\"page\">\n\t\t\t\t\t\t<section class=\"elementor-section elementor-top-section elementor-element elementor-element-50d36c7 elementor-section-boxed elementor-section-height-default elementor-section-height-default elementor-invisible\" data-id=\"50d36c7\" data-element_type=\"section\" data-settings=\"{&quot;background_background&quot;:&quot;classic&quot;,&quot;animation&quot;:&quot;fadeInUp&quot;}\">\n\t\t\t\t\t\t<div class=\"elementor-container elementor-column-gap-no\">\n\t\t\t\t\t<div class=\"elementor-column elementor-col-100 elementor-top-column elementor-element elementor-element-c2699cd\" data-id=\"c2699cd\" data-element_type=\"column\">\n\t\t\t<div class=\"elementor-widget-wrap elementor-element-populated\">\n\t\t\t\t\t\t<div class=\"elementor-element elementor-element-b55d26c elementor-widget elementor-widget-spacer\" data-id=\"b55d26c\" data-element_type=\"widget\" data-widget_type=\"spacer.default\">\n\t\t\t\t<div class=\"elementor-widget-container\">\n\t\t\t\t\t<div class=\"elementor-spacer\">\n\t\t\t<div class=\"elementor-spacer-inner\"><\/div>\n\t\t<\/div>\n\t\t\t\t<\/div>\n\t\t\t\t<\/div>\n\t\t\t\t<div class=\"elementor-element elementor-element-a247e99 elementor-widget elementor-widget-heading\" data-id=\"a247e99\" data-element_type=\"widget\" data-widget_type=\"heading.default\">\n\t\t\t\t<div class=\"elementor-widget-container\">\n\t\t\t<h2 class=\"elementor-heading-title elementor-size-default\">Impronta:<\/h2>\t\t<\/div>\n\t\t\t\t<\/div>\n\t\t\t\t<div class=\"elementor-element elementor-element-2a2a537 elementor-widget elementor-widget-text-editor\" data-id=\"2a2a537\" data-element_type=\"widget\" data-widget_type=\"text-editor.default\">\n\t\t\t\t<div class=\"elementor-widget-container\">\n\t\t\t\t\t\t\t<p><strong>Owner of the domain kai-europe.com and responsible according to \u00a7 18 RStV:<\/strong><\/p><p><strong>KAI EUROPE GmbH<\/strong><br \/>Kottendorfer Stra\u00dfe 5<br \/>42697 Solingen, Germany<\/p><p><strong>CEOs:<\/strong> Koji Endo, Hiroaki Endo, Takeshi Kuraku<\/p><p>Amtsgericht Wuppertal HRB15182<br \/>Ust-Id-No.: DE120957197<\/p><p>Telephone: +49 (0)212-232380<br \/>E-Mail: <a href=\"mailto:info@kai-europe.com\">info@kai-europe.com<\/a><\/p>\t\t\t\t\t\t<\/div>\n\t\t\t\t<\/div>\n\t\t\t\t<div class=\"elementor-element elementor-element-0500554 elementor-widget elementor-widget-spacer\" data-id=\"0500554\" data-element_type=\"widget\" data-widget_type=\"spacer.default\">\n\t\t\t\t<div class=\"elementor-widget-container\">\n\t\t\t\t\t<div class=\"elementor-spacer\">\n\t\t\t<div class=\"elementor-spacer-inner\"><\/div>\n\t\t<\/div>\n\t\t\t\t<\/div>\n\t\t\t\t<\/div>\n\t\t\t\t<div class=\"elementor-element elementor-element-7d88770 elementor-widget elementor-widget-heading\" data-id=\"7d88770\" data-element_type=\"widget\" data-widget_type=\"heading.default\">\n\t\t\t\t<div class=\"elementor-widget-container\">\n\t\t\t<h2 class=\"elementor-heading-title elementor-size-default\">Disclaimer:<\/h2>\t\t<\/div>\n\t\t\t\t<\/div>\n\t\t\t\t<div class=\"elementor-element elementor-element-516cb75 elementor-widget elementor-widget-text-editor\" data-id=\"516cb75\" data-element_type=\"widget\" data-widget_type=\"text-editor.default\">\n\t\t\t\t<div class=\"elementor-widget-container\">\n\t\t\t\t\t\t\t<p><strong>Content:<br \/><br \/><\/strong>Despite conscientious research, creation and implementation, we cannot accept any guarantee for the topicality, correctness, completeness or quality of the content provided. Our liability is therefore limited to that for death and bodily harm, and otherwise to intent and gross negligence.<br \/><br \/><\/p><p><strong>Referrals and Links:<\/strong><\/p><p>At the time of linking, no illegal content was identified on the linked pages. We have no influence on the current and future design of linked pages and are not obliged to permanently monitor them. Of course, we will remove links immediately if we become aware that corresponding changes have been made on the linked pages. We expressly call on our users to provide relevant information.<br \/><br \/><\/p><p><strong>Copyright:<\/strong><\/p><p>The author endeavours to observe the copyrights of the images, graphics, sound documents, video sequences and texts used in all publications, to use images, graphics, sound documents, video sequences and texts created by himself or to use licence-free graphics, sound documents, video sequences and texts. All brand names and trademarks mentioned on the website and possibly protected by third parties are subject without restriction to the provisions of the applicable trademark law and the ownership rights of the respective registered owners. The mere mention of a trademark does not imply that it is not protected by the rights of third parties! The copyright for published objects created by the author himself remains solely with the author of the pages. Any duplication or use of objects such as diagrams, sounds or texts in other electronic or printed publications is not permitted without the author's agreement.<\/p>\t\t\t\t\t\t<\/div>\n\t\t\t\t<\/div>\n\t\t\t\t\t<\/div>\n\t\t<\/div>\n\t\t\t\t\t<\/div>\n\t\t<\/section>\n\t\t\t\t<section class=\"elementor-section elementor-top-section elementor-element elementor-element-001459e elementor-section-boxed elementor-section-height-default elementor-section-height-default\" data-id=\"001459e\" data-element_type=\"section\">\n\t\t\t\t\t\t<div class=\"elementor-container elementor-column-gap-default\">\n\t\t\t\t\t<div class=\"elementor-column elementor-col-100 elementor-top-column elementor-element elementor-element-676a015\" data-id=\"676a015\" data-element_type=\"column\">\n\t\t\t<div class=\"elementor-widget-wrap elementor-element-populated\">\n\t\t\t\t\t\t<div class=\"elementor-element elementor-element-63e4cec elementor-widget elementor-widget-spacer\" data-id=\"63e4cec\" data-element_type=\"widget\" data-widget_type=\"spacer.default\">\n\t\t\t\t<div class=\"elementor-widget-container\">\n\t\t\t\t\t<div class=\"elementor-spacer\">\n\t\t\t<div class=\"elementor-spacer-inner\"><\/div>\n\t\t<\/div>\n\t\t\t\t<\/div>\n\t\t\t\t<\/div>\n\t\t\t\t\t<\/div>\n\t\t<\/div>\n\t\t\t\t\t<\/div>\n\t\t<\/section>\n\t\t\t\t<\/div>","protected":false},"excerpt":{"rendered":"<p>Impressum: Inhaber der Domain kai-europe.com sowie Verantwortlicher nach \u00a7 18 RStV: KAI EUROPE GmbHKottendorfer Stra\u00dfe 542697 Solingen, Deutschland Gesch\u00e4ftsf\u00fchrer: Koji Endo, Hiroaki Endo, Takeshi Kuraku Amtsgericht Wuppertal HRB15182Ust-Id-Nummer: DE120957197 Telefon: +49 (0)212-232380E-Mail: info@kai-europe.com Haftungsausschluss: Inhalt des Onlineangebotes: Wir k\u00f6nnen trotz gewissenhafter Recherche, Erstellung und Implementierung keinerlei Gew\u00e4hr fu\u0308r die Aktualit\u00e4t, Korrektheit, Vollst\u00e4ndigkeit oder Qualit\u00e4t der bereitgestellten Inhalte u\u0308bernehmen. Unsere Haftung ist deshalb auf diejenige fu\u0308r die Verletzung von Leib und Leben, sowie im \u00dcbrigen auf Vorsatz und grobe Fahrl\u00e4ssigkeit beschr\u00e4nkt. Verweise und Links: Zum Zeitpunkt der Linksetzung waren keine illegalen Inhalte auf den zu verlinkenden Seiten erkennbar. Auf die aktuelle und zuku\u0308nftige Gestaltung verlinkter Seiten haben wir keinen Einfluss und sind nicht zu einer dauerhaften \u00dcberwachung verpflichtet. Selbstverst\u00e4ndlich werden wir Verlinkungen unverzu\u0308glich entfernen, wenn wir davon Kenntnis erlangen, dass auf den verlinkten Seiten entsprechende \u00c4nderungen erfolgt sind. Wir rufen unsere Nutzer ausdru\u0308cklich zur Erteilung sachdienlicher Hinwiese auf. Urheber- und Kennzeichenrecht: Der Autor ist bestrebt, in allen Publikationen die Urheberrechte der verwendeten Bilder, Grafiken, Tondokumente, Videosequenzen und Texte zu beachten, von ihm selbst erstellte Bilder, Grafiken, Tondokumente, Videosequenzen und Texte zu nutzen oder auf lizenzfreie Grafiken, Tondokumente, Videosequenzen und Texte zur\u00fcckzugreifen. Alle innerhalb des Internetangebotes genannten und ggf. durch Dritte gesch\u00fctzten Marken- und Warenzeichen unterliegen uneingeschr\u00e4nkt den Bestimmungen des jeweils g\u00fcltigen Kennzeichenrechts und den Besitzrechten der jeweiligen eingetragenen Eigent\u00fcmer. Allein aufgrund der blo\u00dfen Nennung ist nicht der Schluss zu ziehen, dass Markenzeichen nicht durch Rechte Dritter gesch\u00fctzt sind! Das Copyright f\u00fcr ver\u00f6ffentlichte, vom Autor selbst erstellte Objekte bleibt allein beim Autor der Seiten. Eine Vervielf\u00e4ltigung oder Verwendung solcher Grafiken, Tondokumente, Videosequenzen und Texte in anderen elektronischen oder gedruckten Publikationen ist ohne ausdr\u00fcckliche Zustimmung des Autors nicht gestattet.<\/p>","protected":false},"author":1,"featured_media":0,"parent":0,"menu_order":0,"comment_status":"closed","ping_status":"closed","template":"elementor_header_footer","meta":{"_acf_changed":false,"inline_featured_image":false,"footnotes":""},"class_list":["post-2946","page","type-page","status-publish","hentry"],"acf":[],"_links":{"self":[{"href":"https:\/\/kai-europe.com\/it\/wp-json\/wp\/v2\/pages\/2946","targetHints":{"allow":["GET"]}}],"collection":[{"href":"https:\/\/kai-europe.com\/it\/wp-json\/wp\/v2\/pages"}],"about":[{"href":"https:\/\/kai-europe.com\/it\/wp-json\/wp\/v2\/types\/page"}],"author":[{"embeddable":true,"href":"https:\/\/kai-europe.com\/it\/wp-json\/wp\/v2\/users\/1"}],"replies":[{"embeddable":true,"href":"https:\/\/kai-europe.com\/it\/wp-json\/wp\/v2\/comments?post=2946"}],"version-history":[{"count":0,"href":"https:\/\/kai-europe.com\/it\/wp-json\/wp\/v2\/pages\/2946\/revisions"}],"wp:attachment":[{"href":"https:\/\/kai-europe.com\/it\/wp-json\/wp\/v2\/media?parent=2946"}],"curies":[{"name":"wp","href":"https:\/\/api.w.org\/{rel}","templated":true}]}}