{"id":2782,"date":"2022-12-15T15:15:00","date_gmt":"2022-12-15T14:15:00","guid":{"rendered":"https:\/\/www.kai-europe.com\/?post_type=product&#038;p=2782"},"modified":"2025-10-08T17:09:11","modified_gmt":"2025-10-08T15:09:11","slug":"pg-0003","status":"publish","type":"product","link":"https:\/\/kai-europe.com\/fr\/produit\/pg-0003\/","title":{"rendered":"R\u00e2pe \u00e0 julienne"},"content":{"rendered":"","protected":false},"excerpt":{"rendered":"<p>R\u00e2pe<\/p>","protected":false},"featured_media":9222,"template":"","meta":{"_acf_changed":false,"inline_featured_image":false},"product_cat":[394],"product_tag":[1024,395],"class_list":{"0":"post-2782","1":"product","2":"type-product","3":"status-publish","4":"has-post-thumbnail","6":"product_cat-reibe","7":"product_tag-pure-komachi-reibe","8":"product_tag-reibe","10":"first","11":"instock","12":"shipping-taxable","13":"product-type-simple"},"acf":[],"_links":{"self":[{"href":"https:\/\/kai-europe.com\/fr\/wp-json\/wp\/v2\/product\/2782","targetHints":{"allow":["GET"]}}],"collection":[{"href":"https:\/\/kai-europe.com\/fr\/wp-json\/wp\/v2\/product"}],"about":[{"href":"https:\/\/kai-europe.com\/fr\/wp-json\/wp\/v2\/types\/product"}],"wp:featuredmedia":[{"embeddable":true,"href":"https:\/\/kai-europe.com\/fr\/wp-json\/wp\/v2\/media\/9222"}],"wp:attachment":[{"href":"https:\/\/kai-europe.com\/fr\/wp-json\/wp\/v2\/media?parent=2782"}],"wp:term":[{"taxonomy":"product_cat","embeddable":true,"href":"https:\/\/kai-europe.com\/fr\/wp-json\/wp\/v2\/product_cat?post=2782"},{"taxonomy":"product_tag","embeddable":true,"href":"https:\/\/kai-europe.com\/fr\/wp-json\/wp\/v2\/product_tag?post=2782"}],"curies":[{"name":"wp","href":"https:\/\/api.w.org\/{rel}","templated":true}]}}