{"id":2013,"date":"2022-12-06T12:20:00","date_gmt":"2022-12-06T11:20:00","guid":{"rendered":"https:\/\/www.kai-europe.com\/?post_type=product&#038;p=2013"},"modified":"2025-11-04T11:47:00","modified_gmt":"2025-11-04T10:47:00","slug":"ab-5165","status":"publish","type":"product","link":"https:\/\/kai-europe.com\/fr\/produit\/ab-5165\/","title":{"rendered":"Couteau de cuisine chinois \u00e0 lame alv\u00e9ol\u00e9e"},"content":{"rendered":"","protected":false},"excerpt":{"rendered":"<p>Sekimagoroku Shoso<\/p>","protected":false},"featured_media":21603,"template":"","meta":{"_acf_changed":false,"inline_featured_image":false},"product_cat":[221],"product_tag":[134,745],"class_list":{"0":"post-2013","1":"product","2":"type-product","3":"status-publish","4":"has-post-thumbnail","6":"product_cat-sekimagoroku-shoso","7":"product_tag-china-kochmesser","8":"product_tag-sekimagoroku","9":"pa_brand-sekimagoroku","10":"pa_griff-13-cm","11":"pa_klinge_cm-16-5-cm","12":"pa_klinge_inch-6-5-inch","14":"first","15":"instock","16":"shipping-taxable","17":"product-type-simple"},"acf":[],"_links":{"self":[{"href":"https:\/\/kai-europe.com\/fr\/wp-json\/wp\/v2\/product\/2013","targetHints":{"allow":["GET"]}}],"collection":[{"href":"https:\/\/kai-europe.com\/fr\/wp-json\/wp\/v2\/product"}],"about":[{"href":"https:\/\/kai-europe.com\/fr\/wp-json\/wp\/v2\/types\/product"}],"wp:featuredmedia":[{"embeddable":true,"href":"https:\/\/kai-europe.com\/fr\/wp-json\/wp\/v2\/media\/21603"}],"wp:attachment":[{"href":"https:\/\/kai-europe.com\/fr\/wp-json\/wp\/v2\/media?parent=2013"}],"wp:term":[{"taxonomy":"product_cat","embeddable":true,"href":"https:\/\/kai-europe.com\/fr\/wp-json\/wp\/v2\/product_cat?post=2013"},{"taxonomy":"product_tag","embeddable":true,"href":"https:\/\/kai-europe.com\/fr\/wp-json\/wp\/v2\/product_tag?post=2013"}],"curies":[{"name":"wp","href":"https:\/\/api.w.org\/{rel}","templated":true}]}}