{"id":1037,"date":"2022-11-09T12:35:00","date_gmt":"2022-11-09T11:35:00","guid":{"rendered":"https:\/\/www.kai-europe.com\/?post_type=product&#038;p=1037"},"modified":"2025-07-08T15:40:56","modified_gmt":"2025-07-08T13:40:56","slug":"dm-0722","status":"publish","type":"product","link":"https:\/\/kai-europe.com\/fr\/produit\/dm-0722\/","title":{"rendered":"Couteau universel \u00e0 lame crant\u00e9e"},"content":{"rendered":"<p><strong>Viande, poisson, l\u00e9gumes, herbes<\/strong><\/p>","protected":false},"excerpt":{"rendered":"<p>Shun Classic<\/p>","protected":false},"featured_media":21577,"template":"","meta":{"_acf_changed":false,"inline_featured_image":false},"product_cat":[39],"product_tag":[71,51,72],"class_list":{"0":"post-1037","1":"product","2":"type-product","3":"status-publish","4":"has-post-thumbnail","6":"product_cat-shun-classic","7":"product_tag-allzweckmesser","8":"product_tag-damast-kochmesser","9":"product_tag-wellenschliff","10":"pa_brand-shun","11":"pa_griff-10-5cm","12":"pa_klinge_cm-15-cm","13":"pa_klinge_inch-6-inch","15":"first","16":"instock","17":"shipping-taxable","18":"product-type-simple"},"acf":[],"_links":{"self":[{"href":"https:\/\/kai-europe.com\/fr\/wp-json\/wp\/v2\/product\/1037","targetHints":{"allow":["GET"]}}],"collection":[{"href":"https:\/\/kai-europe.com\/fr\/wp-json\/wp\/v2\/product"}],"about":[{"href":"https:\/\/kai-europe.com\/fr\/wp-json\/wp\/v2\/types\/product"}],"wp:featuredmedia":[{"embeddable":true,"href":"https:\/\/kai-europe.com\/fr\/wp-json\/wp\/v2\/media\/21577"}],"wp:attachment":[{"href":"https:\/\/kai-europe.com\/fr\/wp-json\/wp\/v2\/media?parent=1037"}],"wp:term":[{"taxonomy":"product_cat","embeddable":true,"href":"https:\/\/kai-europe.com\/fr\/wp-json\/wp\/v2\/product_cat?post=1037"},{"taxonomy":"product_tag","embeddable":true,"href":"https:\/\/kai-europe.com\/fr\/wp-json\/wp\/v2\/product_tag?post=1037"}],"curies":[{"name":"wp","href":"https:\/\/api.w.org\/{rel}","templated":true}]}}