{"id":4534,"date":"2025-02-04T11:01:41","date_gmt":"2025-02-04T10:01:41","guid":{"rendered":"https:\/\/kai-europe.com\/beautycare_dev\/?post_type=product&#038;p=4534"},"modified":"2025-02-17T15:24:42","modified_gmt":"2025-02-17T14:24:42","slug":"bci-set-02","status":"publish","type":"product","link":"https:\/\/kai-europe.com\/beautycare\/produkt\/bci-set-02\/","title":{"rendered":"Nagelpflege Set 02"},"content":{"rendered":"<h6>Sicherheitshinweise \u2013 Nagelknipser\/Nagelzange\/Nagelfeile\/Nasenhaarschneider\/Pinzette<\/h6>\n<p><span style=\"text-decoration: underline;\">GEFAHR von Schnitt- und Stichverletzungen:<\/span> Nagel-Instrumente sind zur Benutzung fu\u0308r Personen unter 8 Jahren nicht geeignet und du\u0308rfen nur unter der Aufsicht von Erwachsenen verwendet werden. Bei der Arbeit mit Nagel-Instrumenten stets konzentrieren. Niemals die Schneiden anfassen, sondern immer den Griff. Nagel-Instrument immer beim Tragen, mit der Schneide nach au\u00dfen und vom K\u00f6rper weghalten. Verwenden Sie stets nur scharfe Nagel-Instrumente. Legen Sie Nagel-Instrumente nur an festgelegten Pl\u00e4tzen ab und lassen Sie sie niemals achtlos liegen. Bei einem fallenden Nagel-Instrumenten nicht nachgreifen. Bewahren Sie Nagel-Instrumente in Etuis oder einem Schutz auf. Benutzen Sie Nagelinstrumente nicht fu\u0308r andere Materialien als vorgesehen. Kontrollieren Sie die Nagel-Instrumente regelm\u00e4\u00dfig auf Sch\u00e4den und stellen Sie bei M\u00e4ngeln die Arbeit ein.<\/p>\n","protected":false},"excerpt":{"rendered":"<p>3-teilig: Nagelknipser, Nagelfeile &amp; Pinzette, Edelstahl in Nappaleder Etui<\/p>\n","protected":false},"featured_media":4988,"template":"","meta":[],"product_brand":[60],"product_cat":[55,58],"product_tag":[],"class_list":{"0":"post-4534","1":"product","2":"type-product","3":"status-publish","4":"has-post-thumbnail","6":"product_brand-instruments","7":"product_cat-nagelpflege","8":"product_cat-sets","10":"first","11":"instock","12":"shipping-taxable","13":"product-type-simple"},"_links":{"self":[{"href":"https:\/\/kai-europe.com\/beautycare\/wp-json\/wp\/v2\/product\/4534","targetHints":{"allow":["GET"]}}],"collection":[{"href":"https:\/\/kai-europe.com\/beautycare\/wp-json\/wp\/v2\/product"}],"about":[{"href":"https:\/\/kai-europe.com\/beautycare\/wp-json\/wp\/v2\/types\/product"}],"wp:featuredmedia":[{"embeddable":true,"href":"https:\/\/kai-europe.com\/beautycare\/wp-json\/wp\/v2\/media\/4988"}],"wp:attachment":[{"href":"https:\/\/kai-europe.com\/beautycare\/wp-json\/wp\/v2\/media?parent=4534"}],"wp:term":[{"taxonomy":"product_brand","embeddable":true,"href":"https:\/\/kai-europe.com\/beautycare\/wp-json\/wp\/v2\/product_brand?post=4534"},{"taxonomy":"product_cat","embeddable":true,"href":"https:\/\/kai-europe.com\/beautycare\/wp-json\/wp\/v2\/product_cat?post=4534"},{"taxonomy":"product_tag","embeddable":true,"href":"https:\/\/kai-europe.com\/beautycare\/wp-json\/wp\/v2\/product_tag?post=4534"}],"curies":[{"name":"wp","href":"https:\/\/api.w.org\/{rel}","templated":true}]}}