{"id":4509,"date":"2025-02-03T16:24:13","date_gmt":"2025-02-03T15:24:13","guid":{"rendered":"https:\/\/kai-europe.com\/beautycare_dev\/?post_type=product&#038;p=4509"},"modified":"2025-02-17T15:40:20","modified_gmt":"2025-02-17T14:40:20","slug":"bci-205","status":"publish","type":"product","link":"https:\/\/kai-europe.com\/beautycare\/produkt\/bci-205\/","title":{"rendered":"Nagelschere"},"content":{"rendered":"<h6>Sicherheitshinweise \u2013 Scheren<\/h6>\n<p><span style=\"text-decoration: underline;\">GEFAHR von Schnitt- und Stichverletzungen:<\/span> Bei der Arbeit mit Scheren stets konzentrieren. Niemals die Schneiden anfassen, sondern immer den Griff. Schere immer mit der Spitze nach unten tragen und vom K\u00f6rper weghalten. Pru\u0308fen Sie die Sch\u00e4rfe nur am Schneidgut, nicht mit der Hand. Verwenden Sie stets nur scharfe Scheren. Achten Sie auf ausreichend Abstand zu anderen Arbeitspl\u00e4tzen. Verwenden Sie bei Bedarf Schutzausru\u0308stung. Legen Sie Scheren nur an festgelegte Pl\u00e4tze und lassen Sie sie niemals achtlos liegen. Bei einer fallenden Schere nicht nachgreifen. Bewahren Sie Scheren in Scherentaschen oder -haltern auf. Laufen Sie niemals mit einer ungeschu\u0308tzten Schere. Kontrollieren Sie die Schere regelm\u00e4\u00dfig auf Sch\u00e4den und stellen Sie bei M\u00e4ngeln die Arbeit ein. Sch\u00e4rfen nur durch erfahrene Personen.<\/p>\n","protected":false},"excerpt":{"rendered":"<p>mit Turmspitze, Edelstahl<\/p>\n","protected":false},"featured_media":4510,"template":"","meta":[],"product_brand":[60],"product_cat":[55],"product_tag":[],"class_list":{"0":"post-4509","1":"product","2":"type-product","3":"status-publish","4":"has-post-thumbnail","6":"product_brand-instruments","7":"product_cat-nagelpflege","9":"first","10":"instock","11":"shipping-taxable","12":"product-type-simple"},"_links":{"self":[{"href":"https:\/\/kai-europe.com\/beautycare\/wp-json\/wp\/v2\/product\/4509","targetHints":{"allow":["GET"]}}],"collection":[{"href":"https:\/\/kai-europe.com\/beautycare\/wp-json\/wp\/v2\/product"}],"about":[{"href":"https:\/\/kai-europe.com\/beautycare\/wp-json\/wp\/v2\/types\/product"}],"wp:featuredmedia":[{"embeddable":true,"href":"https:\/\/kai-europe.com\/beautycare\/wp-json\/wp\/v2\/media\/4510"}],"wp:attachment":[{"href":"https:\/\/kai-europe.com\/beautycare\/wp-json\/wp\/v2\/media?parent=4509"}],"wp:term":[{"taxonomy":"product_brand","embeddable":true,"href":"https:\/\/kai-europe.com\/beautycare\/wp-json\/wp\/v2\/product_brand?post=4509"},{"taxonomy":"product_cat","embeddable":true,"href":"https:\/\/kai-europe.com\/beautycare\/wp-json\/wp\/v2\/product_cat?post=4509"},{"taxonomy":"product_tag","embeddable":true,"href":"https:\/\/kai-europe.com\/beautycare\/wp-json\/wp\/v2\/product_tag?post=4509"}],"curies":[{"name":"wp","href":"https:\/\/api.w.org\/{rel}","templated":true}]}}