{"id":4874,"date":"2025-02-12T14:19:02","date_gmt":"2025-02-12T13:19:02","guid":{"rendered":"https:\/\/kai-europe.com\/beautycare_dev\/?page_id=4874"},"modified":"2025-02-13T12:15:10","modified_gmt":"2025-02-13T11:15:10","slug":"impressum","status":"publish","type":"page","link":"https:\/\/kai-europe.com\/beautycare\/impressum\/","title":{"rendered":"Impressum"},"content":{"rendered":"\t\t<div data-elementor-type=\"wp-page\" data-elementor-id=\"4874\" class=\"elementor elementor-4874\" data-elementor-post-type=\"page\">\n\t\t\t\t<div class=\"elementor-element elementor-element-386033f e-flex e-con-boxed kitify-col-width-auto-no ignore-docs-style-no kitify-disable-relative-no e-root-container elementor-top-section e-con e-parent\" data-id=\"386033f\" data-element_type=\"container\">\n\t\t\t\t\t<div class=\"e-con-inner\">\n\t\t<div class=\"elementor-element elementor-element-0895ce1 e-con-full e-flex kitify-col-width-auto-no ignore-docs-style-no kitify-disable-relative-no elementor-invisible kitify-has-entrance-animation e-con e-child\" data-id=\"0895ce1\" data-element_type=\"container\" data-settings=\"{&quot;animation&quot;:&quot;kitifyShortFadeInUp&quot;,&quot;animation_delay&quot;:500}\">\n\t\t\t\t<div class=\"elementor-element elementor-element-dbb57f2 elementor-widget elementor-widget-heading\" data-id=\"dbb57f2\" data-element_type=\"widget\" data-widget_type=\"heading.default\">\n\t\t\t\t<div class=\"elementor-widget-container\">\n\t\t\t\t\t<h2 class=\"elementor-heading-title elementor-size-default\">IMPRESSUM<\/h2>\t\t\t\t<\/div>\n\t\t\t\t<\/div>\n\t\t\t\t<div class=\"elementor-element elementor-element-e31e5d6 elementor-widget elementor-widget-text-editor\" data-id=\"e31e5d6\" data-element_type=\"widget\" data-widget_type=\"text-editor.default\">\n\t\t\t\t<div class=\"elementor-widget-container\">\n\t\t\t\t\t\t\t\t\t<p><strong>Inhaber der Domain kai-europe.com sowie Verantwortlicher nach \u00a7 18 RStV:<\/strong><\/p><p><strong>KAI EUROPE GmbH<\/strong><br \/>Kottendorfer Stra\u00dfe 5<br \/>42697 Solingen, Deutschland<\/p><p><strong>Gesch\u00e4ftsf\u00fchrer:<\/strong> Koji Endo, Hiroaki Endo, Takeshi Kuraku<\/p><p>Amtsgericht Wuppertal HRB15182<br \/>Ust-Id-Nummer: DE120957197<\/p><p>Telefon: +49 (0)212-232380<br \/>E-Mail: info@kai-europe.com<\/p>\t\t\t\t\t\t\t\t<\/div>\n\t\t\t\t<\/div>\n\t\t\t\t<div class=\"elementor-element elementor-element-1868f59 elementor-widget elementor-widget-heading\" data-id=\"1868f59\" data-element_type=\"widget\" data-widget_type=\"heading.default\">\n\t\t\t\t<div class=\"elementor-widget-container\">\n\t\t\t\t\t<h2 class=\"elementor-heading-title elementor-size-default\">HAFTUNGSAUSSCHLUSS<\/h2>\t\t\t\t<\/div>\n\t\t\t\t<\/div>\n\t\t\t\t<div class=\"elementor-element elementor-element-6abaeae elementor-widget elementor-widget-text-editor\" data-id=\"6abaeae\" data-element_type=\"widget\" data-widget_type=\"text-editor.default\">\n\t\t\t\t<div class=\"elementor-widget-container\">\n\t\t\t\t\t\t\t\t\t<p><strong>Inhalt des Onlineangebotes:<\/strong><\/p><p>Wir k\u00f6nnen trotz gewissenhafter Recherche, Erstellung und Implementierung keinerlei Gew\u00e4hr f\u00fcr die Aktualit\u00e4t, Korrektheit, Vollst\u00e4ndigkeit oder Qualit\u00e4t der bereitgestellten Inhalte \u00fcbernehmen. Unsere Haftung ist deshalb auf diejenige f\u00fcr die Verletzung von Leib und Leben, sowie im \u00dcbrigen auf Vorsatz und grobe Fahrl\u00e4ssigkeit beschr\u00e4nkt.<\/p><p><br \/><strong>Verweise und Links:<\/strong><\/p><p>Zum Zeitpunkt der Linksetzung waren keine illegalen Inhalte auf den zu verlinkenden Seiten erkennbar. Auf die aktuelle und zuk\u00fcnftige Gestaltung verlinkter Seiten haben wir keinen Einfluss und sind nicht zu einer dauerhaften \u00dcberwachung verpflichtet. Selbstverst\u00e4ndlich werden wir Verlinkungen unverz\u00fcglich entfernen, wenn wir davon Kenntnis erlangen, dass auf den verlinkten Seiten entsprechende \u00c4nderungen erfolgt sind. Wir rufen unsere Nutzer ausdr\u00fccklich zur Erteilung sachdienlicher Hinwiese auf.<\/p><p><br \/><strong>Urheber- und Kennzeichenrecht:<\/strong><\/p><p>Der Autor ist bestrebt, in allen Publikationen die Urheberrechte der verwendeten Bilder, Grafiken, Tondokumente, Videosequenzen und Texte zu beachten, von ihm selbst erstellte Bilder, Grafiken, Tondokumente, Videosequenzen und Texte zu nutzen oder auf lizenzfreie Grafiken, Tondokumente, Videosequenzen und Texte zur\u00fcckzugreifen. Alle innerhalb des Internetangebotes genannten und ggf. durch Dritte gesch\u00fctzten Marken- und Warenzeichen unterliegen uneingeschr\u00e4nkt den Bestimmungen des jeweils g\u00fcltigen Kennzeichenrechts und den Besitzrechten der jeweiligen eingetragenen Eigent\u00fcmer. Allein aufgrund der blo\u00dfen Nennung ist nicht der Schluss zu ziehen, dass Markenzeichen nicht durch Rechte Dritter gesch\u00fctzt sind! Das Copyright f\u00fcr ver\u00f6ffentlichte, vom Autor selbst erstellte Objekte bleibt allein beim Autor der Seiten. Eine Vervielf\u00e4ltigung oder Verwendung solcher Grafiken, Tondokumente, Videosequenzen und Texte in anderen elektronischen oder gedruckten Publikationen ist ohne ausdr\u00fcckliche Zustimmung des Autors nicht gestattet.<\/p>\t\t\t\t\t\t\t\t<\/div>\n\t\t\t\t<\/div>\n\t\t\t\t<\/div>\n\t\t\t\t\t<\/div>\n\t\t\t\t<\/div>\n\t\t\t\t<\/div>\n\t\t","protected":false},"excerpt":{"rendered":"<p>IMPRESSUM Inhaber der Domain kai-europe.com sowie Verantwortlicher nach \u00a7 18 RStV: KAI EUROPE GmbHKottendorfer Stra\u00dfe 542697 Solingen, Deutschland Gesch\u00e4ftsf\u00fchrer: Koji Endo, Hiroaki Endo, Takeshi Kuraku Amtsgericht Wuppertal HRB15182Ust-Id-Nummer: DE120957197 Telefon: +49 (0)212-232380E-Mail: info@kai-europe.com HAFTUNGSAUSSCHLUSS Inhalt des Onlineangebotes: Wir k\u00f6nnen trotz gewissenhafter Recherche, Erstellung und Implementierung keinerlei Gew\u00e4hr f\u00fcr die Aktualit\u00e4t, Korrektheit, Vollst\u00e4ndigkeit oder Qualit\u00e4t der bereitgestellten Inhalte \u00fcbernehmen. Unsere Haftung\u2026<\/p>\n","protected":false},"author":1,"featured_media":0,"parent":0,"menu_order":0,"comment_status":"closed","ping_status":"closed","template":"elementor_header_footer","meta":{"footnotes":""},"class_list":["post-4874","page","type-page","status-publish","hentry"],"_links":{"self":[{"href":"https:\/\/kai-europe.com\/beautycare\/wp-json\/wp\/v2\/pages\/4874","targetHints":{"allow":["GET"]}}],"collection":[{"href":"https:\/\/kai-europe.com\/beautycare\/wp-json\/wp\/v2\/pages"}],"about":[{"href":"https:\/\/kai-europe.com\/beautycare\/wp-json\/wp\/v2\/types\/page"}],"author":[{"embeddable":true,"href":"https:\/\/kai-europe.com\/beautycare\/wp-json\/wp\/v2\/users\/1"}],"replies":[{"embeddable":true,"href":"https:\/\/kai-europe.com\/beautycare\/wp-json\/wp\/v2\/comments?post=4874"}],"version-history":[{"count":10,"href":"https:\/\/kai-europe.com\/beautycare\/wp-json\/wp\/v2\/pages\/4874\/revisions"}],"predecessor-version":[{"id":4958,"href":"https:\/\/kai-europe.com\/beautycare\/wp-json\/wp\/v2\/pages\/4874\/revisions\/4958"}],"wp:attachment":[{"href":"https:\/\/kai-europe.com\/beautycare\/wp-json\/wp\/v2\/media?parent=4874"}],"curies":[{"name":"wp","href":"https:\/\/api.w.org\/{rel}","templated":true}]}}