{"id":4601,"date":"2025-02-04T13:00:25","date_gmt":"2025-02-04T12:00:25","guid":{"rendered":"https:\/\/kai-europe.com\/beautycare_dev\/?post_type=product&#038;p=4601"},"modified":"2025-02-12T16:32:12","modified_gmt":"2025-02-12T15:32:12","slug":"pq-3205","status":"publish","type":"product","link":"https:\/\/kai-europe.com\/beautycare\/fr\/produit\/pq-3205\/","title":{"rendered":"Ciseaux \u00e0 sourcils"},"content":{"rendered":"<h6>Consignes de s\u00e9curit\u00e9 - Ciseaux<\/h6>\n<p><span style=\"text-decoration: underline;\">DANGER de coupures et de piq\u00fbres :<\/span> Toujours se concentrer lors de l\u2018utilisation de ciseaux. Ne jamais toucher les lames, mais toujours la poign\u00e9e. Toujours porter les ciseaux avec la pointe vers le bas et les tenir \u00e9loign\u00e9s du corps. V\u00e9rifier le tranchant uniquement sur l\u2018objet \u00e0 couper, pas avec la main. N\u2018utilisez jamais que des ciseaux tranchants. Veillez \u00e0 respecter une distance suffisante par rapport aux autres postes de travail. Utilisez des \u00e9quipements de protection si n\u00e9cessaire. Ne placez les ciseaux qu\u2018\u00e0 des endroits d\u00e9termin\u00e9s et ne les laissez jamais tra\u00eener n\u00e9gligemment. N\u2018intervenez pas sur les ciseaux qui tombent. Rangez les ciseaux dans des poches ou des supports. Ne courez jamais avec des ciseaux non prot\u00e9g\u00e9s. V\u00e9rifiez r\u00e9guli\u00e8rement que les ciseaux ne sont pas endommag\u00e9s et cessez de travailler en cas de d\u00e9fauts. Ne confiez l\u2018aff\u00fbtage qu\u2018\u00e0 des personnes exp\u00e9riment\u00e9es.<\/p>","protected":false},"excerpt":{"rendered":"<p>Acier inoxydable<\/p>","protected":false},"featured_media":4602,"template":"","meta":[],"product_brand":[57],"product_cat":[52],"product_tag":[],"class_list":{"0":"post-4601","1":"product","2":"type-product","3":"status-publish","4":"has-post-thumbnail","6":"product_brand-kobako","7":"product_cat-gesichtspflege","9":"first","10":"instock","11":"shipping-taxable","12":"product-type-simple"},"_links":{"self":[{"href":"https:\/\/kai-europe.com\/beautycare\/fr\/wp-json\/wp\/v2\/product\/4601","targetHints":{"allow":["GET"]}}],"collection":[{"href":"https:\/\/kai-europe.com\/beautycare\/fr\/wp-json\/wp\/v2\/product"}],"about":[{"href":"https:\/\/kai-europe.com\/beautycare\/fr\/wp-json\/wp\/v2\/types\/product"}],"wp:featuredmedia":[{"embeddable":true,"href":"https:\/\/kai-europe.com\/beautycare\/fr\/wp-json\/wp\/v2\/media\/4602"}],"wp:attachment":[{"href":"https:\/\/kai-europe.com\/beautycare\/fr\/wp-json\/wp\/v2\/media?parent=4601"}],"wp:term":[{"taxonomy":"product_brand","embeddable":true,"href":"https:\/\/kai-europe.com\/beautycare\/fr\/wp-json\/wp\/v2\/product_brand?post=4601"},{"taxonomy":"product_cat","embeddable":true,"href":"https:\/\/kai-europe.com\/beautycare\/fr\/wp-json\/wp\/v2\/product_cat?post=4601"},{"taxonomy":"product_tag","embeddable":true,"href":"https:\/\/kai-europe.com\/beautycare\/fr\/wp-json\/wp\/v2\/product_tag?post=4601"}],"curies":[{"name":"wp","href":"https:\/\/api.w.org\/{rel}","templated":true}]}}