{"id":4597,"date":"2025-02-04T12:54:13","date_gmt":"2025-02-04T11:54:13","guid":{"rendered":"https:\/\/kai-europe.com\/beautycare_dev\/?post_type=product&#038;p=4597"},"modified":"2025-02-17T14:45:24","modified_gmt":"2025-02-17T13:45:24","slug":"cap-20bl","status":"publish","type":"product","link":"https:\/\/kai-europe.com\/beautycare\/fr\/produit\/cap-20bl\/","title":{"rendered":"Rasoir"},"content":{"rendered":"<h6>Consignes de s\u00e9curit\u00e9 - rasoirs\/lames de rasoir<\/h6>\n<p><span style=\"text-decoration: underline;\">DANGER de coupures :<\/span> Toujours se concentrer lors de l\u2018utilisation de rasoirs. Ne jamais toucher les tranchants, mais toujours le manche. Toujours porter les rasoirs avec le tranchant vers le bas, les tenir \u00e9loign\u00e9s du corps et travailler loin du corps. Prenez une nouvelle lame pour chaque client\/rasage. Effectuez le contr\u00f4le du tranchant uniquement \u00e0 l\u2018aide du test papier, pas \u00e0 la main. Utilisez toujours uniquement des rasoirs aiguis\u00e9s. Veillez \u00e0 respecter une distance suffisante par rapport aux autres postes de travail. Utilisez un \u00e9quipement de protection si n\u00e9cessaire. Ne placez les rasoirs qu\u2018\u00e0 des endroits d\u00e9termin\u00e9s et ne les laissez jamais tra\u00eener. Si un rasoir tombe, ne le saisissez pas. Lorsque vous ne travaillez pas avec\nle couteau, repliez le couteau pour s\u00e9curiser et prot\u00e9ger la lame. Rangez les rasoirs dans des pochettes ou des supports pour rasoirs. Ne courez jamais avec un rasoir non prot\u00e9g\u00e9. V\u00e9rifiez r\u00e9guli\u00e8rement que les rasoirs ne sont pas endommag\u00e9s et cessez de les utiliser s\u2018ils pr\u00e9sentent des d\u00e9fauts.<\/p>","protected":false},"excerpt":{"rendered":"<p>Acier inoxydable avec lame distributeur, contenu 20 pi\u00e8ces<\/p>","protected":false},"featured_media":4598,"template":"","meta":[],"product_brand":[63],"product_cat":[52,54],"product_tag":[],"class_list":{"0":"post-4597","1":"product","2":"type-product","3":"status-publish","4":"has-post-thumbnail","6":"product_brand-razor","7":"product_cat-gesichtspflege","8":"product_cat-rasierer","10":"first","11":"instock","12":"shipping-taxable","13":"product-type-simple"},"_links":{"self":[{"href":"https:\/\/kai-europe.com\/beautycare\/fr\/wp-json\/wp\/v2\/product\/4597","targetHints":{"allow":["GET"]}}],"collection":[{"href":"https:\/\/kai-europe.com\/beautycare\/fr\/wp-json\/wp\/v2\/product"}],"about":[{"href":"https:\/\/kai-europe.com\/beautycare\/fr\/wp-json\/wp\/v2\/types\/product"}],"wp:featuredmedia":[{"embeddable":true,"href":"https:\/\/kai-europe.com\/beautycare\/fr\/wp-json\/wp\/v2\/media\/4598"}],"wp:attachment":[{"href":"https:\/\/kai-europe.com\/beautycare\/fr\/wp-json\/wp\/v2\/media?parent=4597"}],"wp:term":[{"taxonomy":"product_brand","embeddable":true,"href":"https:\/\/kai-europe.com\/beautycare\/fr\/wp-json\/wp\/v2\/product_brand?post=4597"},{"taxonomy":"product_cat","embeddable":true,"href":"https:\/\/kai-europe.com\/beautycare\/fr\/wp-json\/wp\/v2\/product_cat?post=4597"},{"taxonomy":"product_tag","embeddable":true,"href":"https:\/\/kai-europe.com\/beautycare\/fr\/wp-json\/wp\/v2\/product_tag?post=4597"}],"curies":[{"name":"wp","href":"https:\/\/api.w.org\/{rel}","templated":true}]}}