{"id":4553,"date":"2025-02-04T11:19:55","date_gmt":"2025-02-04T10:19:55","guid":{"rendered":"https:\/\/kai-europe.com\/beautycare_dev\/?post_type=product&#038;p=4553"},"modified":"2025-02-17T15:06:02","modified_gmt":"2025-02-17T14:06:02","slug":"hc-3551","status":"publish","type":"product","link":"https:\/\/kai-europe.com\/beautycare\/fr\/produit\/hc-3551\/","title":{"rendered":"Coupe-ongles Type 103"},"content":{"rendered":"<h6>Consignes de s\u00e9curit\u00e9 - coupe-ongles\/pince \u00e0 ongles\/lime \u00e0 ongles\/tondeuse \u00e0 cheveux de nez\/pincettes<\/h6>\n<p><span style=\"text-decoration: underline;\">DANGER de coupures et de piq\u00fbres :<\/span> Les instruments \u00e0 clouer ne conviennent pas aux personnes de moins de 8 ans et ne doivent \u00eatre utilis\u00e9s que sous la surveillance d\u2018un adulte. Toujours se concentrer lors de l\u2018utilisation d\u2018instruments \u00e0 ongles. Ne jamais toucher les lames, mais toujours le manche. Toujours tenir l\u2018instrument \u00e0 ongles en le portant, le tranchant vers l\u2018ext\u00e9rieur et loin du corps. Toujours utiliser uniquement des instruments \u00e0 ongles tranchants. Ne d\u00e9posez les instruments \u00e0 ongles qu\u2018\u00e0 des endroits d\u00e9termin\u00e9s et ne les laissez jamais tra\u00eener n\u00e9gligemment. Si un instrument \u00e0 ongles tombe, ne le saisissez pas. Conservez les instruments \u00e0 ongles dans des \u00e9tuis ou une protection. N\u2018utilisez pas les instruments \u00e0 ongles sur d\u2018autres mat\u00e9riaux que ceux pour lesquels ils ont \u00e9t\u00e9 con\u00e7us. V\u00e9rifiez r\u00e9guli\u00e8rement que les instruments \u00e0 ongles ne sont pas endommag\u00e9s et cessez de travailler en cas de d\u00e9faut.<\/p>","protected":false},"excerpt":{"rendered":"<p>Acier inoxydable<\/p>","protected":false},"featured_media":4554,"template":"","meta":[],"product_brand":[61],"product_cat":[55],"product_tag":[],"class_list":{"0":"post-4553","1":"product","2":"type-product","3":"status-publish","4":"has-post-thumbnail","6":"product_brand-sekimagoroku","7":"product_cat-nagelpflege","9":"first","10":"instock","11":"shipping-taxable","12":"product-type-simple"},"_links":{"self":[{"href":"https:\/\/kai-europe.com\/beautycare\/fr\/wp-json\/wp\/v2\/product\/4553","targetHints":{"allow":["GET"]}}],"collection":[{"href":"https:\/\/kai-europe.com\/beautycare\/fr\/wp-json\/wp\/v2\/product"}],"about":[{"href":"https:\/\/kai-europe.com\/beautycare\/fr\/wp-json\/wp\/v2\/types\/product"}],"wp:featuredmedia":[{"embeddable":true,"href":"https:\/\/kai-europe.com\/beautycare\/fr\/wp-json\/wp\/v2\/media\/4554"}],"wp:attachment":[{"href":"https:\/\/kai-europe.com\/beautycare\/fr\/wp-json\/wp\/v2\/media?parent=4553"}],"wp:term":[{"taxonomy":"product_brand","embeddable":true,"href":"https:\/\/kai-europe.com\/beautycare\/fr\/wp-json\/wp\/v2\/product_brand?post=4553"},{"taxonomy":"product_cat","embeddable":true,"href":"https:\/\/kai-europe.com\/beautycare\/fr\/wp-json\/wp\/v2\/product_cat?post=4553"},{"taxonomy":"product_tag","embeddable":true,"href":"https:\/\/kai-europe.com\/beautycare\/fr\/wp-json\/wp\/v2\/product_tag?post=4553"}],"curies":[{"name":"wp","href":"https:\/\/api.w.org\/{rel}","templated":true}]}}